{"id":36,"date":"2021-06-24T11:48:29","date_gmt":"2021-06-24T09:48:29","guid":{"rendered":"http:\/\/daniphotography.at\/one-page\/"},"modified":"2022-01-15T23:07:05","modified_gmt":"2022-01-15T22:07:05","slug":"one-page","status":"publish","type":"page","link":"http:\/\/daniphotography.at\/","title":{"rendered":"One Page"},"content":{"rendered":"<p>[vc_row full_width=&#8221;stretch_row_content_no_spaces&#8221; content_placement=&#8221;middle&#8221; uniqid=&#8221;61e1fb0aa26a7&#8243;][vc_column content_color=&#8221;dark&#8221; uniqid=&#8221;60d4e7706b09a&#8221;]<div class=\"banner-area banner-area-5d5fcaff87039 external-indent banner-color-inherit\" data-settings=\"{&quot;loop&quot;:true,&quot;speed&quot;:500,&quot;autoplay&quot;:{&quot;delay&quot;:3000,&quot;disableOnInteraction&quot;:false,&quot;pauseOnMouseEnter&quot;:true},&quot;arrows&quot;:true,&quot;dots&quot;:true,&quot;dots_position&quot;:&quot;right-bottom&quot;,&quot;animation&quot;:&quot;&quot;}\"><div class=\"banner-social-buttons\"><div class=\"links\"><a href=\"https:\/\/www.facebook.com\/DaniPhotography.at\" class=\"item\" target=_blank\"><i class=\"fab fa-facebook-f\"><\/i><span>Facebook<\/span><\/a><a href=\"https:\/\/www.instagram.com\/daniphotography.at\/\" class=\"item\" target=_blank\"><i class=\"fab fa-instagram\"><\/i><span>Instagram<\/span><\/a><\/div><\/div><div class=\"banner-about content\"><div class=\"row\"><div class=\"image col-12 col-md-6\" style=\"background-image: url(http:\/\/daniphotography.at\/wp-content\/uploads\/2021\/06\/IMG_0081b-scaled.jpg)\"><\/div><div class=\"text col-12 col-md-6\"><div class=\"wrap\"><div class=\"cell\"><div class=\"image\" style=\"background-image: url(http:\/\/daniphotography.at\/wp-content\/uploads\/2021\/06\/IMG_0081b-scaled.jpg)\"><\/div><div class=\"sub-h\">HALLO DU...<\/div><div class=\"heading-decor\"><h3>...sch\u00f6n dass du dich hier verlaufen hast.<\/h3><\/div><div class=\"text-p\">Wenn du schon da bist, kannst du gerne etwas \u00fcber mich erfahren. Ich freue mich immer wenn sich eine Person hierher verirrt.<\/p>\n<p>Mein Name ist Daniel Breu\u00df. Ich komme aus Vorarlberg und wohne in Feldkirch.<br \/>\nNeben meinem Job als Monteur betreibe ich die Hobbyfotografie. Zur Fotografie bin ich recht sp\u00e4t gekommen. Erst im Jahr 2018 habe ich mich richtig mit der Fotografie befasst. Zuvor habe ich solala mit einer gebrauchten alten Spiegelreflex hantiert und ohne Ahnung was ich mache, einfach irgendwelche Bilder gemacht. Damit ich mein Hintern vom Sofa bekomme, wollte ich mir ein Hobby zulegen und bin so auf die Fotografie gesto\u00dfen. Die Leidenschaft ist erst sp\u00e4ter entstanden wo ich gesehen habe, dass ich mich weiterentwickle und anderen meine Bilder gefielen. Zumindest sagen es einige. Ich hoffe doch, dass die das ernst meinen. So bin ich fast jedes Wochenende im Wald, am See herumpirschen und mache Landschafts- und Blumenfotos, Fotos von Sonnenaufg\u00e4ngen und was noch alles die Natur so hergibt.<\/p>\n<p>Das meiste Wissen habe ich mir aus unz\u00e4hligen Youtube Videos angeeignet. Nebenher habe ich mir ein Instagram Account f\u00fcr Naturfotografie aufgebaut, das seit 2020 existent ist und derweil gut \u00fcber 1000 Follower hat. Sind das viele Follower? F\u00fcr mich ja. Ich habe dort viele nette Leute kennengelernt mit denen ich einen guten Kontakt pflege. Man kann \u00fcber Insta sagen was man will. \u00dcber Instagram, lasse ich mich Inspirieren von anderen Fotografen und schaue mir bei manchen Bildern auch mal was ab. Ist das Abkupfern? Bl\u00f6dsinn.<\/p>\n<p>Da ich fast ausschlie\u00dflich Natur- und Landschaftsfotos gemacht habe, bet\u00e4tige ich mich seit kurzer Zeit der Modell- und Peoplefotografie. Das habe ich mir Ende 2021 zum Ziel gesetzt.<br \/>\nBin da noch recht am Anfang, aber mit ein paar weiteren TfP-Shootings und Workshops werde ich mich doch recht weiterentwickeln k\u00f6nnen.<\/p>\n<p>Ich hoffe dir gefallen meine Bilder hier auf meiner Homepage. Wenn ja, kannst du mich auch gerne unterst\u00fctzen. z.B. auf meiner Facebook Seite oder auf Instagram, wo viele weitere Bilder warten. Vielleicht kontaktierst du mich auch, ich w\u00fcrde mich jedenfalls freuen.<\/p>\n<p>Lg Daniel (Dani)<\/div><\/div><\/div><div class=\"bg-word\">\u00dcber mich<\/div><\/div><\/div><\/div><div class=\"banner-right-buttons\"><div class=\"cell\"><div class=\"button about\"><span class=\"h\">\u00dcber mich<\/span><span class=\"close\"><i class=\"basic-ui-icon-cancel\"><\/i>Close<\/span><\/div><\/div><\/div><div class=\"banner banner-5d5fcaff87039  fixed-height arrows-right-bottom pagination-right-bottom\" style=\"height:1120px; --transition-speed: 2500ms;\"><div class=\"swiper-container\"><div class=\"swiper-wrapper\"><div class=\"item swiper-slide banner-item-5d5fdb0354688 tal with-shadow white\">\n      <div class=\"bg-image\" style=\"background-image: url(http:\/\/daniphotography.at\/wp-content\/uploads\/2022\/01\/BH7A2994-1.jpg)\"><\/div>\n      \n      \n      <div class=\"container\">\n        <div class=\"cell bottom  wpb_animate_when_almost_visible wpb_fadeIn fadeIn\">\n          <div class=\"heading heading-with-num-type2\">\n        <div class=\"top\">\n          <div class=\"num\"><\/div>\n          <div class=\"sub-h\">Portraits<\/div>\n        <\/div>\n        <h1 class=\"h\">Icequeen Shooting<\/h1>\n      <\/div>\n          \n          \n          \n        <\/div>\n      <\/div>\n    <\/div><div class=\"item swiper-slide banner-item-5d5fde937c6d6 tal white\">\n      <div class=\"bg-image\" style=\"background-image: url(http:\/\/daniphotography.at\/wp-content\/uploads\/2022\/01\/BH7A0161-2-1.jpg)\"><\/div>\n      \n      \n      <div class=\"container\">\n        <div class=\"cell bottom  wpb_animate_when_almost_visible wpb_fadeIn fadeIn\">\n          <div class=\"heading heading-with-num-type2\">\n        <div class=\"top\">\n          <div class=\"num\"><\/div>\n          <div class=\"sub-h\">Portraits<\/div>\n        <\/div>\n        <h2 class=\"h\">Sinnlichkeit in Gedanken<\/h2>\n      <\/div>\n          \n          \n          \n        <\/div>\n      <\/div>\n    <\/div><div class=\"item swiper-slide banner-item-5d5fde83e39f2 tal white\">\n      <div class=\"bg-image\" style=\"background-image: url(http:\/\/daniphotography.at\/wp-content\/uploads\/2021\/06\/BH7A0929.jpg)\"><\/div>\n      \n      \n      <div class=\"container\">\n        <div class=\"cell bottom  wpb_animate_when_almost_visible wpb_fadeIn fadeIn\">\n          <div class=\"heading heading-with-num-type2\">\n        <div class=\"top\">\n          <div class=\"num\"><\/div>\n          <div class=\"sub-h\">Portraits<\/div>\n        <\/div>\n        <h2 class=\"h\">Wie man vollst\u00e4ndig verschwindet<\/h2>\n      <\/div>\n          \n          \n          \n        <\/div>\n      <\/div>\n    <\/div><div class=\"item swiper-slide banner-item-60d4ecf4cf030 tal white\">\n      <div class=\"bg-image\" style=\"background-image: url(http:\/\/daniphotography.at\/wp-content\/uploads\/2021\/06\/IMG_0081b-scaled.jpg)\"><\/div>\n      \n      \n      <div class=\"container\">\n        <div class=\"cell bottom  wpb_animate_when_almost_visible wpb_fadeIn fadeIn\">\n          <div class=\"heading heading-with-num-type2\">\n        <div class=\"top\">\n          <div class=\"num\"><\/div>\n          <div class=\"sub-h\">Photographer<\/div>\n        <\/div>\n        <h2 class=\"h\">Ein Foto soll nur erz\u00e4hlen. Die Wirklichkeit in Fantasie \u00fcbergehen. Den Augenblick des Lebens festhalten.<\/h2>\n      <\/div>\n          \n          \n          \n        <\/div>\n      <\/div>\n    <\/div><div class=\"item swiper-slide banner-item-5d5fde876bb1b tal white\">\n      <div class=\"bg-image\" style=\"background-image: url(http:\/\/daniphotography.at\/wp-content\/uploads\/2021\/06\/BH7A9308.jpg)\"><\/div>\n      \n      \n      <div class=\"container\">\n        <div class=\"cell bottom  wpb_animate_when_almost_visible wpb_fadeIn fadeIn\">\n          <div class=\"heading heading-with-num-type2\">\n        <div class=\"top\">\n          <div class=\"num\"><\/div>\n          <div class=\"sub-h\">Portraits<\/div>\n        <\/div>\n        <h2 class=\"h\">Der erste Schnee weich und dicht<\/h2>\n      <\/div>\n          \n          \n          \n        <\/div>\n      <\/div>\n    <\/div><\/div><\/div><div class=\"owl-nav\"><div class=\"owl-prev basic-ui-icon-left-arrow\"><\/div><div class=\"owl-next basic-ui-icon-right-arrow\"><\/div><\/div><div class=\"owl-dots\"><\/div><\/div><\/div>[\/vc_column][\/vc_row][vc_row][vc_column][\/vc_column][vc_column width=&#8221;11\/12&#8243; uniqid=&#8221;61db501dd6efa&#8221;][\/vc_column][\/vc_row]<\/p>\n","protected":false},"excerpt":{"rendered":"<p>[vc_row full_width=&#8221;stretch_row_content_no_spaces&#8221; content_placement=&#8221;middle&#8221; uniqid=&#8221;61e1fb0aa26a7&#8243;][vc_column content_color=&#8221;dark&#8221; uniqid=&#8221;60d4e7706b09a&#8221;][\/vc_column][\/vc_row][vc_row][vc_column][\/vc_column][vc_column width=&#8221;11\/12&#8243; uniqid=&#8221;61db501dd6efa&#8221;][\/vc_column][\/vc_row]<\/p>\n","protected":false},"author":1,"featured_media":0,"parent":0,"menu_order":0,"comment_status":"closed","ping_status":"open","template":"template-landing.php","meta":{"ngg_post_thumbnail":0,"footnotes":""},"class_list":["post-36","page","type-page","status-publish","hentry"],"acf":[],"_links":{"self":[{"href":"http:\/\/daniphotography.at\/index.php?rest_route=\/wp\/v2\/pages\/36","targetHints":{"allow":["GET"]}}],"collection":[{"href":"http:\/\/daniphotography.at\/index.php?rest_route=\/wp\/v2\/pages"}],"about":[{"href":"http:\/\/daniphotography.at\/index.php?rest_route=\/wp\/v2\/types\/page"}],"author":[{"embeddable":true,"href":"http:\/\/daniphotography.at\/index.php?rest_route=\/wp\/v2\/users\/1"}],"replies":[{"embeddable":true,"href":"http:\/\/daniphotography.at\/index.php?rest_route=%2Fwp%2Fv2%2Fcomments&post=36"}],"version-history":[{"count":11,"href":"http:\/\/daniphotography.at\/index.php?rest_route=\/wp\/v2\/pages\/36\/revisions"}],"predecessor-version":[{"id":1692,"href":"http:\/\/daniphotography.at\/index.php?rest_route=\/wp\/v2\/pages\/36\/revisions\/1692"}],"wp:attachment":[{"href":"http:\/\/daniphotography.at\/index.php?rest_route=%2Fwp%2Fv2%2Fmedia&parent=36"}],"curies":[{"name":"wp","href":"https:\/\/api.w.org\/{rel}","templated":true}]}}